{"id":274,"date":"2023-05-12T11:19:22","date_gmt":"2023-05-12T11:19:22","guid":{"rendered":"https:\/\/turm.printmedia-atelier.de\/?page_id=274"},"modified":"2025-01-06T07:56:27","modified_gmt":"2025-01-06T07:56:27","slug":"kuchen","status":"publish","type":"page","link":"https:\/\/xn--nordmannsturm-waldgaststtte-ykc.de\/?page_id=274","title":{"rendered":"Kuchen"},"content":{"rendered":"\t\t<div data-elementor-type=\"wp-post\" data-elementor-id=\"274\" class=\"elementor elementor-274\" data-elementor-post-type=\"page\">\n\t\t\t\t\t\t<section class=\"elementor-section elementor-top-section elementor-element elementor-element-d4eb7bf elementor-section-boxed elementor-section-height-default elementor-section-height-default\" data-id=\"d4eb7bf\" data-element_type=\"section\" data-e-type=\"section\">\n\t\t\t\t\t\t<div class=\"elementor-container elementor-column-gap-default\">\n\t\t\t\t\t<div class=\"elementor-column elementor-col-100 elementor-top-column elementor-element elementor-element-2d4b53e\" data-id=\"2d4b53e\" data-element_type=\"column\" data-e-type=\"column\" data-settings=\"{&quot;background_background&quot;:&quot;classic&quot;}\">\n\t\t\t<div class=\"elementor-widget-wrap elementor-element-populated\">\n\t\t\t\t\t\t<div class=\"elementor-element elementor-element-21e2c92 elementor-widget elementor-widget-heading\" data-id=\"21e2c92\" data-element_type=\"widget\" data-e-type=\"widget\" data-widget_type=\"heading.default\">\n\t\t\t\t<div class=\"elementor-widget-container\">\n\t\t\t\t\t<h2 class=\"elementor-heading-title elementor-size-default\">Unsere hausgemachten Kuchen\/Torten<\/h2>\t\t\t\t<\/div>\n\t\t\t\t<\/div>\n\t\t\t\t<section class=\"elementor-section elementor-inner-section elementor-element elementor-element-cd45931 elementor-section-boxed elementor-section-height-default elementor-section-height-default\" data-id=\"cd45931\" data-element_type=\"section\" data-e-type=\"section\">\n\t\t\t\t\t\t<div class=\"elementor-container elementor-column-gap-extended\">\n\t\t\t\t\t<div class=\"elementor-column elementor-col-100 elementor-inner-column elementor-element elementor-element-cfd02a3\" data-id=\"cfd02a3\" data-element_type=\"column\" data-e-type=\"column\">\n\t\t\t<div class=\"elementor-widget-wrap elementor-element-populated\">\n\t\t\t\t\t\t<div class=\"elementor-element elementor-element-f2a442c elementor-widget elementor-widget-shortcode\" data-id=\"f2a442c\" data-element_type=\"widget\" data-e-type=\"widget\" data-widget_type=\"shortcode.default\">\n\t\t\t\t<div class=\"elementor-widget-container\">\n\t\t\t\t\t\t\t<div class=\"elementor-shortcode\"><div id=\"footable_parent_276\"\n         class=\" footable_parent ninja_table_wrapper loading_ninja_table wp_table_data_press_parent semantic_ui \">\n                <table data-ninja_table_instance=\"ninja_table_instance_0\" data-footable_id=\"276\" data-filter-delay=\"1000\" aria-label=\"Unsere hausgemachten Kuchen\"            id=\"footable_276\"\n           data-unique_identifier=\"ninja_table_unique_id_3323282801_276\"\n           class=\" foo-table ninja_footable foo_table_276 ninja_table_unique_id_3323282801_276 ui table  nt_type_ajax_table striped vertical_centered  footable-paging-right ninjatable_hide_header_row ninja_table_search_disabled\">\n                <colgroup>\n                            <col class=\"ninja_column_0 \">\n                            <col class=\"ninja_column_1 \">\n                    <\/colgroup>\n            <\/table>\n    \n    \n    \n<\/div>\n<\/div>\n\t\t\t\t\t\t<\/div>\n\t\t\t\t<\/div>\n\t\t\t\t\t<\/div>\n\t\t<\/div>\n\t\t\t\t\t<\/div>\n\t\t<\/section>\n\t\t\t\t<section class=\"elementor-section elementor-inner-section elementor-element elementor-element-f90ed40 elementor-section-boxed elementor-section-height-default elementor-section-height-default\" data-id=\"f90ed40\" data-element_type=\"section\" data-e-type=\"section\">\n\t\t\t\t\t\t<div class=\"elementor-container elementor-column-gap-default\">\n\t\t\t\t\t<div class=\"elementor-column elementor-col-100 elementor-inner-column elementor-element elementor-element-75f75a8\" data-id=\"75f75a8\" data-element_type=\"column\" data-e-type=\"column\">\n\t\t\t<div class=\"elementor-widget-wrap elementor-element-populated\">\n\t\t\t\t\t\t<div class=\"elementor-element elementor-element-f8bf686 elementor-widget elementor-widget-text-editor\" data-id=\"f8bf686\" data-element_type=\"widget\" data-e-type=\"widget\" data-widget_type=\"text-editor.default\">\n\t\t\t\t<div class=\"elementor-widget-container\">\n\t\t\t\t\t\t\t\t\t<p><strong>Zusatzstoffkennzeichnung:<\/strong><br \/>1= mit Farbstoff<br \/>2= mit Konservierungsstoff<br \/>3= mit Geschmacksverst\u00e4rker<br \/>4= mit S\u00fc\u00dfungsmittel<br \/>5= kann bei \u00fcberm\u00e4\u00dfigem Verzehr abf\u00fchrend wirken<br \/>6= enth\u00e4lt eine Phenylalainquelle<br \/>7= mit Antioxidationsmittel<br \/>8= mit Phosphat<br \/>9= mit Milcheiwei\u00df<br \/>10= koffeinhaltig<br \/>11= chininhaltig<br \/>12= geschw\u00e4rzt<br \/>13= geschwefelt<br \/>14= mit Nitritp\u00f6kelsalz<br \/>15= mit Nitrat<br \/>16= gewachst<br \/>17= Taurin<br \/>18= gentechnisch ver\u00e4nderter Rohstoff<br \/>19= S\u00e4urungsmittel<br \/>20= Aroma<br \/>21= enth\u00e4lt Lactose<\/p>\t\t\t\t\t\t\t\t<\/div>\n\t\t\t\t<\/div>\n\t\t\t\t<div class=\"elementor-element elementor-element-de5176e elementor-widget-divider--view-line_icon elementor-view-default elementor-widget-divider--element-align-center elementor-widget elementor-widget-divider\" data-id=\"de5176e\" data-element_type=\"widget\" data-e-type=\"widget\" data-widget_type=\"divider.default\">\n\t\t\t\t<div class=\"elementor-widget-container\">\n\t\t\t\t\t\t\t<div class=\"elementor-divider\">\n\t\t\t<span class=\"elementor-divider-separator\">\n\t\t\t\t\t\t\t<div class=\"elementor-icon elementor-divider__element\">\n\t\t\t\t\t<i aria-hidden=\"true\" class=\"fas fa-tree\"><\/i><\/div>\n\t\t\t\t\t\t<\/span>\n\t\t<\/div>\n\t\t\t\t\t\t<\/div>\n\t\t\t\t<\/div>\n\t\t\t\t<div class=\"elementor-element elementor-element-d6032c1 elementor-widget elementor-widget-text-editor\" data-id=\"d6032c1\" data-element_type=\"widget\" data-e-type=\"widget\" data-widget_type=\"text-editor.default\">\n\t\t\t\t<div class=\"elementor-widget-container\">\n\t\t\t\t\t\t\t\t\t<p>\u00a9 Waldgastst\u00e4tte Nordmannsturm 2025<\/p>\t\t\t\t\t\t\t\t<\/div>\n\t\t\t\t<\/div>\n\t\t\t\t\t<\/div>\n\t\t<\/div>\n\t\t\t\t\t<\/div>\n\t\t<\/section>\n\t\t\t\t\t<\/div>\n\t\t<\/div>\n\t\t\t\t\t<\/div>\n\t\t<\/section>\n\t\t\t\t<\/div>\n\t\t","protected":false},"excerpt":{"rendered":"<p>Unsere hausgemachten Kuchen\/Torten Zusatzstoffkennzeichnung:1= mit Farbstoff2= mit Konservierungsstoff3= mit Geschmacksverst\u00e4rker4= mit S\u00fc\u00dfungsmittel5= kann bei \u00fcberm\u00e4\u00dfigem Verzehr abf\u00fchrend wirken6= enth\u00e4lt eine Phenylalainquelle7= mit Antioxidationsmittel8= mit Phosphat9= mit Milcheiwei\u00df10= koffeinhaltig11= chininhaltig12= geschw\u00e4rzt13= geschwefelt14= mit Nitritp\u00f6kelsalz15= mit Nitrat16= gewachst17= Taurin18= gentechnisch ver\u00e4nderter Rohstoff19= S\u00e4urungsmittel20= Aroma21= enth\u00e4lt Lactose \u00a9 Waldgastst\u00e4tte Nordmannsturm 2025<\/p>\n","protected":false},"author":1,"featured_media":0,"parent":0,"menu_order":0,"comment_status":"closed","ping_status":"closed","template":"","meta":{"footnotes":""},"class_list":["post-274","page","type-page","status-publish","hentry"],"jetpack_sharing_enabled":true,"_links":{"self":[{"href":"https:\/\/xn--nordmannsturm-waldgaststtte-ykc.de\/index.php?rest_route=\/wp\/v2\/pages\/274","targetHints":{"allow":["GET"]}}],"collection":[{"href":"https:\/\/xn--nordmannsturm-waldgaststtte-ykc.de\/index.php?rest_route=\/wp\/v2\/pages"}],"about":[{"href":"https:\/\/xn--nordmannsturm-waldgaststtte-ykc.de\/index.php?rest_route=\/wp\/v2\/types\/page"}],"author":[{"embeddable":true,"href":"https:\/\/xn--nordmannsturm-waldgaststtte-ykc.de\/index.php?rest_route=\/wp\/v2\/users\/1"}],"replies":[{"embeddable":true,"href":"https:\/\/xn--nordmannsturm-waldgaststtte-ykc.de\/index.php?rest_route=%2Fwp%2Fv2%2Fcomments&post=274"}],"version-history":[{"count":10,"href":"https:\/\/xn--nordmannsturm-waldgaststtte-ykc.de\/index.php?rest_route=\/wp\/v2\/pages\/274\/revisions"}],"predecessor-version":[{"id":887,"href":"https:\/\/xn--nordmannsturm-waldgaststtte-ykc.de\/index.php?rest_route=\/wp\/v2\/pages\/274\/revisions\/887"}],"wp:attachment":[{"href":"https:\/\/xn--nordmannsturm-waldgaststtte-ykc.de\/index.php?rest_route=%2Fwp%2Fv2%2Fmedia&parent=274"}],"curies":[{"name":"wp","href":"https:\/\/api.w.org\/{rel}","templated":true}]}}